{"id":5,"date":"2022-11-02T21:43:40","date_gmt":"2022-11-02T21:43:40","guid":{"rendered":"https:\/\/verify.revistainclusiones.org\/?page_id=5"},"modified":"2023-10-27T10:36:11","modified_gmt":"2023-10-27T10:36:11","slug":"validar","status":"publish","type":"page","link":"https:\/\/edumaro.com\/validar\/","title":{"rendered":"Validar"},"content":{"rendered":"<p>[vc_row][vc_column width=\u00bb1\/4&#8243;][vc_empty_space height=\u00bb92px\u00bb][vc_column_text]<\/p>\n<h3>Validar:<\/h3>\n<p>&#8211; Certificados<br \/>\n&#8211; Cartas<br \/>\n&#8211; Diplomas<br \/>\n&#8211; Colaboraciones<br \/>\n&#8211; Participaciones<br \/>\n&#8211; Documentos Varios[\/vc_column_text][\/vc_column][vc_column width=\u00bb3\/4&#8243;][vc_column_text]Edumaro desde el 2022 hace entrega de c\u00f3digo \u00fanico para sus certificados, diplomas y cualquier otro documento oficial con el cual podr\u00e1 validar su autenticidad. As\u00ed mismo, quedar\u00e1 en nuestros registros. Para alumnos anterior al 2022 pueden <a href=\"https:\/\/certificado.edumaro.com\/\">validar aqu\u00ed<\/a>, si desea cambiar al validador 2.0 puede <a href=\"https:\/\/edumaro.com\/contacto\/\">solicitar ac\u00e1<\/a>[\/vc_column_text]\n                <div class='gf_browser_gecko gform_wrapper' id='gform_wrapper_1' ><form method='post' enctype='multipart\/form-data'  id='gform_1'  action='\/validar\/wp-json\/wp\/v2\/pages\/5'>\n                        <div class='gform_body'><ul id='gform_fields_1' class='gform_fields top_label form_sublabel_below description_below'><li id='field_1_1'  class='gfield gfield_contains_required field_sublabel_below field_description_below gfield_visibility_visible' ><label class='gfield_label' for='input_1_1' >C\u00f3digo Certificado<span class='gfield_required'>*<\/span><\/label><div class='ginput_container ginput_container_text'><input name='input_1' id='input_1_1' type='text' value='' class='medium'     aria-required=\"true\" aria-invalid=\"false\" \/><\/div><\/li>\n                            <\/ul><\/div>\n        <div class='gform_footer top_label'> <input type='submit' id='gform_submit_button_1' class='gform_button button' value='Validar'  onclick='if(window[\"gf_submitting_1\"]){return false;}  window[\"gf_submitting_1\"]=true;  ' onkeypress='if( event.keyCode == 13 ){ if(window[\"gf_submitting_1\"]){return false;} window[\"gf_submitting_1\"]=true;  jQuery(\"#gform_1\").trigger(\"submit\",[true]); }' \/> \n            <input type='hidden' class='gform_hidden' name='is_submit_1' value='1' \/>\n            <input type='hidden' class='gform_hidden' name='gform_submit' value='1' \/>\n            \n            <input type='hidden' class='gform_hidden' name='gform_unique_id' value='' \/>\n            <input type='hidden' class='gform_hidden' name='state_1' value='WyJbXSIsImM0ZDE2YmNjM2EzNWU3NWFjMWE4ZGVmMGI2NmJlZmM4Il0=' \/>\n            <input type='hidden' class='gform_hidden' name='gform_target_page_number_1' id='gform_target_page_number_1' value='0' \/>\n            <input type='hidden' class='gform_hidden' name='gform_source_page_number_1' id='gform_source_page_number_1' value='1' \/>\n            <input type='hidden' name='gform_field_values' value='' \/>\n            \n        <\/div>\n                        <\/form>\n                        <\/div><script type='text\/javascript'> jQuery(document).bind('gform_post_render', function(event, formId, currentPage){if(formId == 1) {} } );jQuery(document).bind('gform_post_conditional_logic', function(event, formId, fields, isInit){} );<\/script><script type='text\/javascript'> jQuery(document).ready(function(){jQuery(document).trigger('gform_post_render', [1, 1]) } ); <\/script>[\/vc_column][\/vc_row]<\/p>\n","protected":false},"excerpt":{"rendered":"<p>[vc_row][vc_column width=\u00bb1\/4&#8243;][vc_empty_space height=\u00bb92px\u00bb][vc_column_text] Validar: &#8211; Certificados &#8211; Cartas &#8211; Diplomas &#8211; Colaboraciones &#8211; Participaciones &#8211; Documentos Varios[\/vc_column_text][\/vc_column][vc_column width=\u00bb3\/4&#8243;][vc_column_text]Edumaro desde el 2022 hace entrega de c\u00f3digo \u00fanico para sus certificados, diplomas y cualquier otro documento oficial con el cual podr\u00e1 validar su autenticidad. As\u00ed mismo, quedar\u00e1 en nuestros registros. Para alumnos anterior al 2022 pueden validar [&hellip;]<\/p>\n","protected":false},"author":1,"featured_media":0,"parent":0,"menu_order":0,"comment_status":"closed","ping_status":"closed","template":"","meta":{"footnotes":""},"class_list":["post-5","page","type-page","status-publish","hentry","entry"],"_links":{"self":[{"href":"https:\/\/edumaro.com\/validar\/wp-json\/wp\/v2\/pages\/5","targetHints":{"allow":["GET"]}}],"collection":[{"href":"https:\/\/edumaro.com\/validar\/wp-json\/wp\/v2\/pages"}],"about":[{"href":"https:\/\/edumaro.com\/validar\/wp-json\/wp\/v2\/types\/page"}],"author":[{"embeddable":true,"href":"https:\/\/edumaro.com\/validar\/wp-json\/wp\/v2\/users\/1"}],"replies":[{"embeddable":true,"href":"https:\/\/edumaro.com\/validar\/wp-json\/wp\/v2\/comments?post=5"}],"version-history":[{"count":14,"href":"https:\/\/edumaro.com\/validar\/wp-json\/wp\/v2\/pages\/5\/revisions"}],"predecessor-version":[{"id":71,"href":"https:\/\/edumaro.com\/validar\/wp-json\/wp\/v2\/pages\/5\/revisions\/71"}],"wp:attachment":[{"href":"https:\/\/edumaro.com\/validar\/wp-json\/wp\/v2\/media?parent=5"}],"curies":[{"name":"wp","href":"https:\/\/api.w.org\/{rel}","templated":true}]}}